{"id":983,"date":"2018-12-04T14:01:05","date_gmt":"2018-12-04T14:01:05","guid":{"rendered":"https:\/\/skin-heal.com\/?post_type=product&#038;p=983"},"modified":"2022-12-16T18:23:49","modified_gmt":"2022-12-16T16:23:49","slug":"jbp-nanocannula","status":"publish","type":"product","link":"https:\/\/skin-heal.com\/es\/producto\/jbp-nanocannula\/","title":{"rendered":"JBP NanoCannula"},"content":{"rendered":"<p>Para que un tratamiento de inyecci\u00f3n ofrezca resultados muy eficaces y cause un da\u00f1o m\u00ednimo al tejido hipod\u00e9rmico, debe fabricarse de acuerdo con una larga lista de normas internacionales de seguridad y salud. JBP NanoCannula es un producto que cumple estos requisitos y ayuda a los profesionales a proporcionar a los pacientes un tratamiento de inyecci\u00f3n indoloro, r\u00e1pido y seguro. Tiene un rendimiento m\u00e1ximo, una excelente reputaci\u00f3n y muchas caracter\u00edsticas impresionantes.<\/p>\n<h3>Principales caracter\u00edsticas y ventajas de JBP NanoCannula<\/h3>\n<ul>\n<li>Aprobado por la FDA<\/li>\n<li>Paredes finas<\/li>\n<li>Micro pulido con una tecnolog\u00eda especial<\/li>\n<li>Un tubo de acero inoxidable<\/li>\n<\/ul>\n<p>Cuando un tratamiento de inyecci\u00f3n implica el uso de estas c\u00e1nulas avanzadas, hace que toda la experiencia sea menos estresante para los pacientes. Esto se debe a que el fino orificio y las finas paredes de cada c\u00e1nula reducen las sensaciones de dolor y malestar. Tambi\u00e9n limitan el punto de inyecci\u00f3n, ya que causan un da\u00f1o m\u00ednimo al tejido hipod\u00e9rmico. Por lo tanto, el tiempo de inactividad tras el procedimiento se reduce considerablemente, as\u00ed como la probabilidad de que se produzcan efectos secundarios derivados del propio proceso de inyecci\u00f3n (como hinchaz\u00f3n, enrojecimiento, hematomas, sensibilidad, etc.). Por ello, la NanoCannula JBP se ha convertido en la primera opci\u00f3n para muchos profesionales y cl\u00ednicos de todo el mundo.<\/p>","protected":false},"excerpt":{"rendered":"<p>JBP NanoCannula son c\u00e1nulas de \u00faltima generaci\u00f3n que ofrecen una inyecci\u00f3n suave con una menor resistencia. Como resultado, los tratamientos de inyecci\u00f3n realizados con este producto de calidad son m\u00e1s indoloros para los pacientes. Las c\u00e1nulas est\u00e1n disponibles en muchos tama\u00f1os diferentes y pueden utilizarse en varias zonas de tratamiento porque son adecuadas para cualquier profundidad de inyecci\u00f3n hipod\u00e9rmica.<\/p>","protected":false},"featured_media":986,"template":"","meta":[],"product_brand":[],"product_cat":[89,54,144],"product_tag":[145],"class_list":{"0":"post-983","1":"product","2":"type-product","3":"status-publish","4":"has-post-thumbnail","6":"product_cat-cannulas","7":"product_cat-jbp","8":"product_cat-holiday-mega-sale","9":"product_tag-5off","10":"clearfix","12":"first","13":"instock","14":"sale","15":"taxable","16":"shipping-taxable","17":"purchasable","18":"product-type-variable"},"yoast_head":"<!-- This site is optimized with the Yoast SEO plugin v27.3 - https:\/\/yoast.com\/product\/yoast-seo-wordpress\/ -->\n<title>JBP NanoCannula - Skin Heal<\/title>\n<meta name=\"description\" content=\"Part of Skin Heal\u2019s catalog, JBP NanoCannula features ground-breaking cannulas for a smooth and painless injection. JBP NanoCannula comes in various sizes.\" \/>\n<meta name=\"robots\" content=\"index, follow, max-snippet:-1, max-image-preview:large, max-video-preview:-1\" \/>\n<link rel=\"canonical\" href=\"https:\/\/skin-heal.com\/es\/producto\/jbp-nanocannula\/\" \/>\n<meta property=\"og:locale\" content=\"es_MX\" \/>\n<meta property=\"og:type\" content=\"article\" \/>\n<meta property=\"og:title\" content=\"JBP NanoCannula - Skin Heal\" \/>\n<meta property=\"og:description\" content=\"Part of Skin Heal\u2019s catalog, JBP NanoCannula features ground-breaking cannulas for a smooth and painless injection. JBP NanoCannula comes in various sizes.\" \/>\n<meta property=\"og:url\" content=\"https:\/\/skin-heal.com\/es\/producto\/jbp-nanocannula\/\" \/>\n<meta property=\"og:site_name\" content=\"Skin Heal\" \/>\n<meta property=\"article:modified_time\" content=\"2022-12-16T16:23:49+00:00\" \/>\n<meta property=\"og:image\" content=\"https:\/\/cdn.skin-heal.com\/wp-content\/uploads\/2018\/12\/JBP-Nanocannula.jpg\" \/>\n\t<meta property=\"og:image:width\" content=\"500\" \/>\n\t<meta property=\"og:image:height\" content=\"500\" \/>\n\t<meta property=\"og:image:type\" content=\"image\/jpeg\" \/>\n<meta name=\"twitter:card\" content=\"summary_large_image\" \/>\n<meta name=\"twitter:label1\" content=\"Tiempo de lectura\" \/>\n\t<meta name=\"twitter:data1\" content=\"1 minuto\" \/>\n<script type=\"application\/ld+json\" class=\"yoast-schema-graph\">{\"@context\":\"https:\\\/\\\/schema.org\",\"@graph\":[{\"@type\":\"WebPage\",\"@id\":\"https:\\\/\\\/skin-heal.com\\\/product\\\/jbp-nanocannula\\\/\",\"url\":\"https:\\\/\\\/skin-heal.com\\\/product\\\/jbp-nanocannula\\\/\",\"name\":\"JBP NanoCannula - Skin Heal\",\"isPartOf\":{\"@id\":\"https:\\\/\\\/skin-heal.com\\\/#website\"},\"primaryImageOfPage\":{\"@id\":\"https:\\\/\\\/skin-heal.com\\\/product\\\/jbp-nanocannula\\\/#primaryimage\"},\"image\":{\"@id\":\"https:\\\/\\\/skin-heal.com\\\/product\\\/jbp-nanocannula\\\/#primaryimage\"},\"thumbnailUrl\":\"https:\\\/\\\/skin-heal.com\\\/wp-content\\\/uploads\\\/2018\\\/12\\\/JBP-Nanocannula.jpg\",\"datePublished\":\"2018-12-04T14:01:05+00:00\",\"dateModified\":\"2022-12-16T16:23:49+00:00\",\"description\":\"Part of Skin Heal\u2019s catalog, JBP NanoCannula features ground-breaking cannulas for a smooth and painless injection. JBP NanoCannula comes in various sizes.\",\"breadcrumb\":{\"@id\":\"https:\\\/\\\/skin-heal.com\\\/product\\\/jbp-nanocannula\\\/#breadcrumb\"},\"inLanguage\":\"es\",\"potentialAction\":[{\"@type\":\"ReadAction\",\"target\":[\"https:\\\/\\\/skin-heal.com\\\/product\\\/jbp-nanocannula\\\/\"]}]},{\"@type\":\"ImageObject\",\"inLanguage\":\"es\",\"@id\":\"https:\\\/\\\/skin-heal.com\\\/product\\\/jbp-nanocannula\\\/#primaryimage\",\"url\":\"https:\\\/\\\/skin-heal.com\\\/wp-content\\\/uploads\\\/2018\\\/12\\\/JBP-Nanocannula.jpg\",\"contentUrl\":\"https:\\\/\\\/skin-heal.com\\\/wp-content\\\/uploads\\\/2018\\\/12\\\/JBP-Nanocannula.jpg\",\"width\":500,\"height\":500,\"caption\":\"JBP Nanocannula\"},{\"@type\":\"BreadcrumbList\",\"@id\":\"https:\\\/\\\/skin-heal.com\\\/product\\\/jbp-nanocannula\\\/#breadcrumb\",\"itemListElement\":[{\"@type\":\"ListItem\",\"position\":1,\"name\":\"Home\",\"item\":\"https:\\\/\\\/skin-heal.com\\\/\"},{\"@type\":\"ListItem\",\"position\":2,\"name\":\"Store\",\"item\":\"https:\\\/\\\/skin-heal.com\\\/store\\\/\"},{\"@type\":\"ListItem\",\"position\":3,\"name\":\"JBP NanoCannula\"}]},{\"@type\":\"WebSite\",\"@id\":\"https:\\\/\\\/skin-heal.com\\\/#website\",\"url\":\"https:\\\/\\\/skin-heal.com\\\/\",\"name\":\"Skin Heal\",\"description\":\"Lowest Prices for Dermal Fillers\",\"potentialAction\":[{\"@type\":\"SearchAction\",\"target\":{\"@type\":\"EntryPoint\",\"urlTemplate\":\"https:\\\/\\\/skin-heal.com\\\/?s={search_term_string}\"},\"query-input\":{\"@type\":\"PropertyValueSpecification\",\"valueRequired\":true,\"valueName\":\"search_term_string\"}}],\"inLanguage\":\"es\"}]}<\/script>\n<!-- \/ Yoast SEO plugin. -->","yoast_head_json":{"title":"JBP NanoCannula - Piel sana","description":"Parte del cat\u00e1logo de Skin Heal, JBP NanoCannula presenta c\u00e1nulas innovadoras para una inyecci\u00f3n suave e indolora. JBP NanoCannula est\u00e1 disponible en varios tama\u00f1os.","robots":{"index":"index","follow":"follow","max-snippet":"max-snippet:-1","max-image-preview":"max-image-preview:large","max-video-preview":"max-video-preview:-1"},"canonical":"https:\/\/skin-heal.com\/es\/producto\/jbp-nanocannula\/","og_locale":"es_MX","og_type":"article","og_title":"JBP NanoCannula - Skin Heal","og_description":"Part of Skin Heal\u2019s catalog, JBP NanoCannula features ground-breaking cannulas for a smooth and painless injection. JBP NanoCannula comes in various sizes.","og_url":"https:\/\/skin-heal.com\/es\/producto\/jbp-nanocannula\/","og_site_name":"Skin Heal","article_modified_time":"2022-12-16T16:23:49+00:00","og_image":[{"width":500,"height":500,"url":"https:\/\/cdn.skin-heal.com\/wp-content\/uploads\/2018\/12\/JBP-Nanocannula.jpg","type":"image\/jpeg"}],"twitter_card":"summary_large_image","twitter_misc":{"Tiempo de lectura":"1 minuto"},"schema":{"@context":"https:\/\/schema.org","@graph":[{"@type":"WebPage","@id":"https:\/\/skin-heal.com\/product\/jbp-nanocannula\/","url":"https:\/\/skin-heal.com\/product\/jbp-nanocannula\/","name":"JBP NanoCannula - Piel sana","isPartOf":{"@id":"https:\/\/skin-heal.com\/#website"},"primaryImageOfPage":{"@id":"https:\/\/skin-heal.com\/product\/jbp-nanocannula\/#primaryimage"},"image":{"@id":"https:\/\/skin-heal.com\/product\/jbp-nanocannula\/#primaryimage"},"thumbnailUrl":"https:\/\/cdn.skin-heal.com\/wp-content\/uploads\/2018\/12\/JBP-Nanocannula.jpg","datePublished":"2018-12-04T14:01:05+00:00","dateModified":"2022-12-16T16:23:49+00:00","description":"Parte del cat\u00e1logo de Skin Heal, JBP NanoCannula presenta c\u00e1nulas innovadoras para una inyecci\u00f3n suave e indolora. JBP NanoCannula est\u00e1 disponible en varios tama\u00f1os.","breadcrumb":{"@id":"https:\/\/skin-heal.com\/product\/jbp-nanocannula\/#breadcrumb"},"inLanguage":"es","potentialAction":[{"@type":"ReadAction","target":["https:\/\/skin-heal.com\/product\/jbp-nanocannula\/"]}]},{"@type":"ImageObject","inLanguage":"es","@id":"https:\/\/skin-heal.com\/product\/jbp-nanocannula\/#primaryimage","url":"https:\/\/cdn.skin-heal.com\/wp-content\/uploads\/2018\/12\/JBP-Nanocannula.jpg","contentUrl":"https:\/\/cdn.skin-heal.com\/wp-content\/uploads\/2018\/12\/JBP-Nanocannula.jpg","width":500,"height":500,"caption":"JBP Nanocannula"},{"@type":"BreadcrumbList","@id":"https:\/\/skin-heal.com\/product\/jbp-nanocannula\/#breadcrumb","itemListElement":[{"@type":"ListItem","position":1,"name":"Home","item":"https:\/\/skin-heal.com\/"},{"@type":"ListItem","position":2,"name":"Store","item":"https:\/\/skin-heal.com\/store\/"},{"@type":"ListItem","position":3,"name":"JBP NanoCannula"}]},{"@type":"WebSite","@id":"https:\/\/skin-heal.com\/#website","url":"https:\/\/skin-heal.com\/","name":"Curaci\u00f3n de la piel","description":"Los precios m\u00e1s bajos para los rellenos d\u00e9rmicos","potentialAction":[{"@type":"SearchAction","target":{"@type":"EntryPoint","urlTemplate":"https:\/\/skin-heal.com\/?s={search_term_string}"},"query-input":{"@type":"PropertyValueSpecification","valueRequired":true,"valueName":"search_term_string"}}],"inLanguage":"es"}]}},"_links":{"self":[{"href":"https:\/\/skin-heal.com\/es\/wp-json\/wp\/v2\/product\/983","targetHints":{"allow":["GET"]}}],"collection":[{"href":"https:\/\/skin-heal.com\/es\/wp-json\/wp\/v2\/product"}],"about":[{"href":"https:\/\/skin-heal.com\/es\/wp-json\/wp\/v2\/types\/product"}],"wp:featuredmedia":[{"embeddable":true,"href":"https:\/\/skin-heal.com\/es\/wp-json\/wp\/v2\/media\/986"}],"wp:attachment":[{"href":"https:\/\/skin-heal.com\/es\/wp-json\/wp\/v2\/media?parent=983"}],"wp:term":[{"taxonomy":"product_brand","embeddable":true,"href":"https:\/\/skin-heal.com\/es\/wp-json\/wp\/v2\/product_brand?post=983"},{"taxonomy":"product_cat","embeddable":true,"href":"https:\/\/skin-heal.com\/es\/wp-json\/wp\/v2\/product_cat?post=983"},{"taxonomy":"product_tag","embeddable":true,"href":"https:\/\/skin-heal.com\/es\/wp-json\/wp\/v2\/product_tag?post=983"}],"curies":[{"name":"wp","href":"https:\/\/api.w.org\/{rel}","templated":true}]}}