{"id":9897,"date":"2019-09-27T09:50:05","date_gmt":"2019-09-27T06:50:05","guid":{"rendered":"https:\/\/skin-heal.com\/?post_type=product&#038;p=9897"},"modified":"2023-05-09T18:30:09","modified_gmt":"2023-05-09T15:30:09","slug":"neobella-ex-kabelline-contouring-serum-5-x-8ml","status":"publish","type":"product","link":"https:\/\/skin-heal.com\/es\/producto\/neobella-ex-kabelline-contouring-serum-5-x-8ml\/","title":{"rendered":"Neobella (ex. Kabelline) S\u00e9rum de contorno (5 x 8ml)"},"content":{"rendered":"<h3>Un suero de contorno similar al de Kabelline, f\u00e1cil de usar para el paciente<\/h3>\n<p>Un tratamiento t\u00edpico con este producto lipol\u00edtico de alta gama consta de un m\u00e1ximo de 6 sesiones. Cada una de ellas se realiza con un intervalo m\u00ednimo de 1 semana. Un cirujano pl\u00e1stico certificado inyecta el suero quemagrasas en las zonas objetivo. Las zonas de tratamiento suelen ser aquellas partes de la cara y del cuerpo que <em>propensos a la acumulaci\u00f3n de grasa local<\/em> y, al mismo tiempo, son lentos para responder a las estrategias alternativas de p\u00e9rdida de peso que implican ejercicio f\u00edsico, dietas o cirug\u00eda est\u00e9tica como la liposucci\u00f3n. Una de las mayores ventajas de Neobella es que <u>puede combinarse<\/u> con todas estas y otras soluciones contra la obesidad para conseguir resultados de p\u00e9rdida de peso m\u00e1s r\u00e1pidos y duraderos.<\/p>\n<ul>\n<li>Barato<\/li>\n<li>Sin dolor<\/li>\n<li>Cero efectos secundarios perjudiciales<\/li>\n<li>Efectivo<\/li>\n<li>Sin productos qu\u00edmicos<\/li>\n<\/ul>\n<h3>\u00bfC\u00f3mo funciona Neobella?<\/h3>\n<p>Como este producto de vanguardia se basa en el DA, tiene un incre\u00edble efecto adelgazante y resolutivo de la grasa cuando se administra mediante una inyecci\u00f3n en la capa subcut\u00e1nea. El \u00e1cido desoxic\u00f3lico destruye los dep\u00f3sitos de grasa y proporciona <strong>un tratamiento localizado contra la obesidad<\/strong>. Esta incre\u00edble enzima tambi\u00e9n estimula la metabolizaci\u00f3n de los llamados \u00e1cidos grasos proporcionando a los pacientes una l\u00ednea facial bien contorneada y adelgazada <em>abdomen, caderas, muslos, axilas<\/em> y m\u00e1s.<\/p>\n<p>Nosotros, de Skin Heal, estamos entre los primeros minoristas en l\u00ednea que ofrecen Neobella a sus clientes.<\/p>","protected":false},"excerpt":{"rendered":"<p>Despu\u00e9s de dar al mundo <em>Kabelline<\/em>NewFace Laboratories ha lanzado una nueva y a\u00fan m\u00e1s impresionante soluci\u00f3n para derretir la grasa llamada Neobella. Este <u>suero de contorno de calidad superior<\/u> se basa en el inofensivo pero eficaz ingrediente que funde la grasa, el \u00e1cido desoxic\u00f3lico (DA), y ya ha llegado a la vers\u00e1til tienda online de Skin Heal. Tiene un efecto adelgazante garantizado y mejora considerablemente el aspecto y el perfil del rostro corrigiendo las acumulaciones locales de grasa mediante un procedimiento no quir\u00fargico.<\/p>","protected":false},"featured_media":9900,"template":"","meta":[],"product_brand":[],"product_cat":[86,115,94,144],"product_tag":[145],"class_list":{"0":"post-9897","1":"product","2":"type-product","3":"status-publish","4":"has-post-thumbnail","6":"product_cat-fat-resolving","7":"product_cat-neobella","8":"product_cat-neogenesis","9":"product_cat-holiday-mega-sale","10":"product_tag-5off","11":"clearfix","13":"first","14":"outofstock","15":"sale","16":"taxable","17":"shipping-taxable","18":"purchasable","19":"product-type-simple"},"yoast_head":"<!-- This site is optimized with the Yoast SEO plugin v27.5 - https:\/\/yoast.com\/product\/yoast-seo-wordpress\/ -->\n<title>Neobella (ex. Kabelline) Contouring Serum (5 x 8ml) - Skin Heal<\/title>\n<meta name=\"description\" content=\"Distributed by Skin Heal, Neobella is a Kabelline-like contouring serum. DA lipolytic injectable Neobella has a guaranteed slimming and fat-melting effect.\" \/>\n<meta name=\"robots\" content=\"index, follow, max-snippet:-1, max-image-preview:large, max-video-preview:-1\" \/>\n<link rel=\"canonical\" href=\"https:\/\/skin-heal.com\/es\/producto\/neobella-ex-kabelline-contouring-serum-5-x-8ml\/\" \/>\n<meta property=\"og:locale\" content=\"es_MX\" \/>\n<meta property=\"og:type\" content=\"article\" \/>\n<meta property=\"og:title\" content=\"Neobella (ex. Kabelline) Contouring Serum (5 x 8ml) - Skin Heal\" \/>\n<meta property=\"og:description\" content=\"Distributed by Skin Heal, Neobella is a Kabelline-like contouring serum. DA lipolytic injectable Neobella has a guaranteed slimming and fat-melting effect.\" \/>\n<meta property=\"og:url\" content=\"https:\/\/skin-heal.com\/es\/producto\/neobella-ex-kabelline-contouring-serum-5-x-8ml\/\" \/>\n<meta property=\"og:site_name\" content=\"Skin Heal\" \/>\n<meta property=\"article:modified_time\" content=\"2023-05-09T15:30:09+00:00\" \/>\n<meta property=\"og:image\" content=\"https:\/\/cdn.skin-heal.com\/wp-content\/uploads\/2019\/09\/Neobella.jpg\" \/>\n\t<meta property=\"og:image:width\" content=\"600\" \/>\n\t<meta property=\"og:image:height\" content=\"600\" \/>\n\t<meta property=\"og:image:type\" content=\"image\/jpeg\" \/>\n<meta name=\"twitter:card\" content=\"summary_large_image\" \/>\n<meta name=\"twitter:label1\" content=\"Tiempo de lectura\" \/>\n\t<meta name=\"twitter:data1\" content=\"1 minuto\" \/>\n<script type=\"application\/ld+json\" class=\"yoast-schema-graph\">{\"@context\":\"https:\\\/\\\/schema.org\",\"@graph\":[{\"@type\":\"WebPage\",\"@id\":\"https:\\\/\\\/skin-heal.com\\\/product\\\/neobella-ex-kabelline-contouring-serum-5-x-8ml\\\/\",\"url\":\"https:\\\/\\\/skin-heal.com\\\/product\\\/neobella-ex-kabelline-contouring-serum-5-x-8ml\\\/\",\"name\":\"Neobella (ex. Kabelline) Contouring Serum (5 x 8ml) - Skin Heal\",\"isPartOf\":{\"@id\":\"https:\\\/\\\/skin-heal.com\\\/#website\"},\"primaryImageOfPage\":{\"@id\":\"https:\\\/\\\/skin-heal.com\\\/product\\\/neobella-ex-kabelline-contouring-serum-5-x-8ml\\\/#primaryimage\"},\"image\":{\"@id\":\"https:\\\/\\\/skin-heal.com\\\/product\\\/neobella-ex-kabelline-contouring-serum-5-x-8ml\\\/#primaryimage\"},\"thumbnailUrl\":\"https:\\\/\\\/skin-heal.com\\\/wp-content\\\/uploads\\\/2019\\\/09\\\/Neobella.jpg\",\"datePublished\":\"2019-09-27T06:50:05+00:00\",\"dateModified\":\"2023-05-09T15:30:09+00:00\",\"description\":\"Distributed by Skin Heal, Neobella is a Kabelline-like contouring serum. DA lipolytic injectable Neobella has a guaranteed slimming and fat-melting effect.\",\"breadcrumb\":{\"@id\":\"https:\\\/\\\/skin-heal.com\\\/product\\\/neobella-ex-kabelline-contouring-serum-5-x-8ml\\\/#breadcrumb\"},\"inLanguage\":\"es\",\"potentialAction\":[{\"@type\":\"ReadAction\",\"target\":[\"https:\\\/\\\/skin-heal.com\\\/product\\\/neobella-ex-kabelline-contouring-serum-5-x-8ml\\\/\"]}]},{\"@type\":\"ImageObject\",\"inLanguage\":\"es\",\"@id\":\"https:\\\/\\\/skin-heal.com\\\/product\\\/neobella-ex-kabelline-contouring-serum-5-x-8ml\\\/#primaryimage\",\"url\":\"https:\\\/\\\/skin-heal.com\\\/wp-content\\\/uploads\\\/2019\\\/09\\\/Neobella.jpg\",\"contentUrl\":\"https:\\\/\\\/skin-heal.com\\\/wp-content\\\/uploads\\\/2019\\\/09\\\/Neobella.jpg\",\"width\":600,\"height\":600,\"caption\":\"Neobella\"},{\"@type\":\"BreadcrumbList\",\"@id\":\"https:\\\/\\\/skin-heal.com\\\/product\\\/neobella-ex-kabelline-contouring-serum-5-x-8ml\\\/#breadcrumb\",\"itemListElement\":[{\"@type\":\"ListItem\",\"position\":1,\"name\":\"Home\",\"item\":\"https:\\\/\\\/skin-heal.com\\\/\"},{\"@type\":\"ListItem\",\"position\":2,\"name\":\"Store\",\"item\":\"https:\\\/\\\/skin-heal.com\\\/store\\\/\"},{\"@type\":\"ListItem\",\"position\":3,\"name\":\"Neobella (ex. Kabelline) Contouring Serum (5 x 8ml)\"}]},{\"@type\":\"WebSite\",\"@id\":\"https:\\\/\\\/skin-heal.com\\\/#website\",\"url\":\"https:\\\/\\\/skin-heal.com\\\/\",\"name\":\"Skin Heal\",\"description\":\"Lowest Prices for Dermal Fillers\",\"potentialAction\":[{\"@type\":\"SearchAction\",\"target\":{\"@type\":\"EntryPoint\",\"urlTemplate\":\"https:\\\/\\\/skin-heal.com\\\/?s={search_term_string}\"},\"query-input\":{\"@type\":\"PropertyValueSpecification\",\"valueRequired\":true,\"valueName\":\"search_term_string\"}}],\"inLanguage\":\"es\"}]}<\/script>\n<!-- \/ Yoast SEO plugin. -->","yoast_head_json":{"title":"Neobella (ex. Kabelline) Serum Contorno (5 x 8ml) - Skin Heal","description":"Distribuido por Skin Heal, Neobella es un suero contorneador similar a la Kabelline. DA lipol\u00edtico inyectable Neobella tiene un efecto adelgazante y fundente de la grasa garantizado.","robots":{"index":"index","follow":"follow","max-snippet":"max-snippet:-1","max-image-preview":"max-image-preview:large","max-video-preview":"max-video-preview:-1"},"canonical":"https:\/\/skin-heal.com\/es\/producto\/neobella-ex-kabelline-contouring-serum-5-x-8ml\/","og_locale":"es_MX","og_type":"article","og_title":"Neobella (ex. Kabelline) Contouring Serum (5 x 8ml) - Skin Heal","og_description":"Distributed by Skin Heal, Neobella is a Kabelline-like contouring serum. DA lipolytic injectable Neobella has a guaranteed slimming and fat-melting effect.","og_url":"https:\/\/skin-heal.com\/es\/producto\/neobella-ex-kabelline-contouring-serum-5-x-8ml\/","og_site_name":"Skin Heal","article_modified_time":"2023-05-09T15:30:09+00:00","og_image":[{"width":600,"height":600,"url":"https:\/\/cdn.skin-heal.com\/wp-content\/uploads\/2019\/09\/Neobella.jpg","type":"image\/jpeg"}],"twitter_card":"summary_large_image","twitter_misc":{"Tiempo de lectura":"1 minuto"},"schema":{"@context":"https:\/\/schema.org","@graph":[{"@type":"WebPage","@id":"https:\/\/skin-heal.com\/product\/neobella-ex-kabelline-contouring-serum-5-x-8ml\/","url":"https:\/\/skin-heal.com\/product\/neobella-ex-kabelline-contouring-serum-5-x-8ml\/","name":"Neobella (ex. Kabelline) Serum Contorno (5 x 8ml) - Skin Heal","isPartOf":{"@id":"https:\/\/skin-heal.com\/#website"},"primaryImageOfPage":{"@id":"https:\/\/skin-heal.com\/product\/neobella-ex-kabelline-contouring-serum-5-x-8ml\/#primaryimage"},"image":{"@id":"https:\/\/skin-heal.com\/product\/neobella-ex-kabelline-contouring-serum-5-x-8ml\/#primaryimage"},"thumbnailUrl":"https:\/\/cdn.skin-heal.com\/wp-content\/uploads\/2019\/09\/Neobella.jpg","datePublished":"2019-09-27T06:50:05+00:00","dateModified":"2023-05-09T15:30:09+00:00","description":"Distribuido por Skin Heal, Neobella es un suero contorneador similar a la Kabelline. DA lipol\u00edtico inyectable Neobella tiene un efecto adelgazante y fundente de la grasa garantizado.","breadcrumb":{"@id":"https:\/\/skin-heal.com\/product\/neobella-ex-kabelline-contouring-serum-5-x-8ml\/#breadcrumb"},"inLanguage":"es","potentialAction":[{"@type":"ReadAction","target":["https:\/\/skin-heal.com\/product\/neobella-ex-kabelline-contouring-serum-5-x-8ml\/"]}]},{"@type":"ImageObject","inLanguage":"es","@id":"https:\/\/skin-heal.com\/product\/neobella-ex-kabelline-contouring-serum-5-x-8ml\/#primaryimage","url":"https:\/\/cdn.skin-heal.com\/wp-content\/uploads\/2019\/09\/Neobella.jpg","contentUrl":"https:\/\/cdn.skin-heal.com\/wp-content\/uploads\/2019\/09\/Neobella.jpg","width":600,"height":600,"caption":"Neobella"},{"@type":"BreadcrumbList","@id":"https:\/\/skin-heal.com\/product\/neobella-ex-kabelline-contouring-serum-5-x-8ml\/#breadcrumb","itemListElement":[{"@type":"ListItem","position":1,"name":"Home","item":"https:\/\/skin-heal.com\/"},{"@type":"ListItem","position":2,"name":"Store","item":"https:\/\/skin-heal.com\/store\/"},{"@type":"ListItem","position":3,"name":"Neobella (ex. Kabelline) Contouring Serum (5 x 8ml)"}]},{"@type":"WebSite","@id":"https:\/\/skin-heal.com\/#website","url":"https:\/\/skin-heal.com\/","name":"Curaci\u00f3n de la piel","description":"Los precios m\u00e1s bajos para los rellenos d\u00e9rmicos","potentialAction":[{"@type":"SearchAction","target":{"@type":"EntryPoint","urlTemplate":"https:\/\/skin-heal.com\/?s={search_term_string}"},"query-input":{"@type":"PropertyValueSpecification","valueRequired":true,"valueName":"search_term_string"}}],"inLanguage":"es"}]}},"_links":{"self":[{"href":"https:\/\/skin-heal.com\/es\/wp-json\/wp\/v2\/product\/9897","targetHints":{"allow":["GET"]}}],"collection":[{"href":"https:\/\/skin-heal.com\/es\/wp-json\/wp\/v2\/product"}],"about":[{"href":"https:\/\/skin-heal.com\/es\/wp-json\/wp\/v2\/types\/product"}],"wp:featuredmedia":[{"embeddable":true,"href":"https:\/\/skin-heal.com\/es\/wp-json\/wp\/v2\/media\/9900"}],"wp:attachment":[{"href":"https:\/\/skin-heal.com\/es\/wp-json\/wp\/v2\/media?parent=9897"}],"wp:term":[{"taxonomy":"product_brand","embeddable":true,"href":"https:\/\/skin-heal.com\/es\/wp-json\/wp\/v2\/product_brand?post=9897"},{"taxonomy":"product_cat","embeddable":true,"href":"https:\/\/skin-heal.com\/es\/wp-json\/wp\/v2\/product_cat?post=9897"},{"taxonomy":"product_tag","embeddable":true,"href":"https:\/\/skin-heal.com\/es\/wp-json\/wp\/v2\/product_tag?post=9897"}],"curies":[{"name":"wp","href":"https:\/\/api.w.org\/{rel}","templated":true}]}}